{"id":1895,"date":"2022-08-16T00:15:58","date_gmt":"2022-08-15T22:15:58","guid":{"rendered":"https:\/\/restauracecarmelita.cz\/?page_id=1895"},"modified":"2023-03-27T12:16:06","modified_gmt":"2023-03-27T10:16:06","slug":"napojovy-listek","status":"publish","type":"page","link":"\/index.php\/napojovy-listek\/","title":{"rendered":"n\u00e1pojov\u00fd l\u00edstek"},"content":{"rendered":"\t\t<div data-elementor-type=\"wp-page\" data-elementor-id=\"1895\" class=\"elementor elementor-1895\">\n\t\t\t\t\t\t<section class=\"elementor-section elementor-top-section elementor-element elementor-element-5f44760b elementor-section-boxed elementor-section-height-default elementor-section-height-default\" data-id=\"5f44760b\" data-element_type=\"section\">\n\t\t\t\t\t\t<div class=\"elementor-container elementor-column-gap-default\">\n\t\t\t\t\t<div class=\"elementor-column elementor-col-100 elementor-top-column elementor-element elementor-element-1ad4981\" data-id=\"1ad4981\" data-element_type=\"column\">\n\t\t\t<div class=\"elementor-widget-wrap\">\n\t\t\t\t\t\t\t<\/div>\n\t\t<\/div>\n\t\t\t\t\t<\/div>\n\t\t<\/section>\n\t\t\t\t<section class=\"elementor-section elementor-top-section elementor-element elementor-element-37a95a00 elementor-section-boxed elementor-section-height-default elementor-section-height-default\" data-id=\"37a95a00\" data-element_type=\"section\" data-settings=\"{&quot;background_background&quot;:&quot;classic&quot;,&quot;shape_divider_bottom&quot;:&quot;curve&quot;,&quot;shape_divider_bottom_negative&quot;:&quot;yes&quot;}\">\n\t\t\t\t\t\t\t<div class=\"elementor-background-overlay\"><\/div>\n\t\t\t\t\t\t<div class=\"elementor-shape elementor-shape-bottom\" aria-hidden=\"true\" data-negative=\"true\">\n\t\t\t<svg xmlns=\"http:\/\/www.w3.org\/2000\/svg\" viewBox=\"0 0 1000 100\" preserveAspectRatio=\"none\">\n\t<path class=\"elementor-shape-fill\" d=\"M500,97C126.7,96.3,0.8,19.8,0,0v100l1000,0V1C1000,19.4,873.3,97.8,500,97z\"\/>\n<\/svg>\t\t<\/div>\n\t\t\t\t\t<div class=\"elementor-container elementor-column-gap-no\">\n\t\t\t\t\t<div class=\"elementor-column elementor-col-100 elementor-top-column elementor-element elementor-element-29d9e6c5\" data-id=\"29d9e6c5\" data-element_type=\"column\">\n\t\t\t<div class=\"elementor-widget-wrap elementor-element-populated\">\n\t\t\t\t\t\t<div class=\"elementor-element elementor-element-4bafeeef elementor-widget elementor-widget-heading\" data-id=\"4bafeeef\" data-element_type=\"widget\" data-widget_type=\"heading.default\">\n\t\t\t\t<div class=\"elementor-widget-container\">\n\t\t\t\t\t<h1 class=\"elementor-heading-title elementor-size-default\">n\u00e1pojov\u00fd l\u00edstek<\/h1>\t\t\t\t<\/div>\n\t\t\t\t<\/div>\n\t\t\t\t\t<\/div>\n\t\t<\/div>\n\t\t\t\t\t<\/div>\n\t\t<\/section>\n\t\t\t\t<section class=\"elementor-section elementor-top-section elementor-element elementor-element-452b608e elementor-section-boxed elementor-section-height-default elementor-section-height-default\" data-id=\"452b608e\" data-element_type=\"section\">\n\t\t\t\t\t\t<div class=\"elementor-container elementor-column-gap-no\">\n\t\t\t\t\t<div class=\"elementor-column elementor-col-100 elementor-top-column elementor-element elementor-element-5c0ebad\" data-id=\"5c0ebad\" data-element_type=\"column\">\n\t\t\t<div class=\"elementor-widget-wrap elementor-element-populated\">\n\t\t\t\t\t\t<div class=\"elementor-element elementor-element-b738a9a elementor-widget elementor-widget-image\" data-id=\"b738a9a\" data-element_type=\"widget\" data-widget_type=\"image.default\">\n\t\t\t\t<div class=\"elementor-widget-container\">\n\t\t\t\t\t\t\t\t\t\t\t\t\t\t\t<img fetchpriority=\"high\" decoding=\"async\" width=\"1414\" height=\"2000\" src=\"\/wp-content\/uploads\/2023\/03\/alko-_-shots.jpg\" class=\"attachment-full size-full wp-image-2172\" alt=\"\" srcset=\"\/wp-content\/uploads\/2023\/03\/alko-_-shots.jpg 1414w, \/wp-content\/uploads\/2023\/03\/alko-_-shots-212x300.jpg 212w, \/wp-content\/uploads\/2023\/03\/alko-_-shots-724x1024.jpg 724w, \/wp-content\/uploads\/2023\/03\/alko-_-shots-768x1086.jpg 768w, \/wp-content\/uploads\/2023\/03\/alko-_-shots-1086x1536.jpg 1086w\" sizes=\"(max-width: 1414px) 100vw, 1414px\" \/>\t\t\t\t\t\t\t\t\t\t\t\t\t\t\t<\/div>\n\t\t\t\t<\/div>\n\t\t\t\t<div class=\"elementor-element elementor-element-1615fa7 elementor-widget elementor-widget-image\" data-id=\"1615fa7\" data-element_type=\"widget\" data-widget_type=\"image.default\">\n\t\t\t\t<div class=\"elementor-widget-container\">\n\t\t\t\t\t\t\t\t\t\t\t\t\t\t\t<img decoding=\"async\" width=\"1414\" height=\"2000\" src=\"\/wp-content\/uploads\/2023\/03\/NEALKO.jpg\" class=\"attachment-full size-full wp-image-2173\" alt=\"\" srcset=\"\/wp-content\/uploads\/2023\/03\/NEALKO.jpg 1414w, \/wp-content\/uploads\/2023\/03\/NEALKO-212x300.jpg 212w, \/wp-content\/uploads\/2023\/03\/NEALKO-724x1024.jpg 724w, \/wp-content\/uploads\/2023\/03\/NEALKO-768x1086.jpg 768w, \/wp-content\/uploads\/2023\/03\/NEALKO-1086x1536.jpg 1086w\" sizes=\"(max-width: 1414px) 100vw, 1414px\" \/>\t\t\t\t\t\t\t\t\t\t\t\t\t\t\t<\/div>\n\t\t\t\t<\/div>\n\t\t\t\t<div class=\"elementor-element elementor-element-470b404 elementor-widget elementor-widget-image\" data-id=\"470b404\" data-element_type=\"widget\" data-widget_type=\"image.default\">\n\t\t\t\t<div class=\"elementor-widget-container\">\n\t\t\t\t\t\t\t\t\t\t\t\t\t\t\t<img decoding=\"async\" width=\"1414\" height=\"2000\" src=\"\/wp-content\/uploads\/2023\/03\/PIVO_VINO.jpg\" class=\"attachment-full size-full wp-image-2174\" alt=\"\" srcset=\"\/wp-content\/uploads\/2023\/03\/PIVO_VINO.jpg 1414w, \/wp-content\/uploads\/2023\/03\/PIVO_VINO-212x300.jpg 212w, \/wp-content\/uploads\/2023\/03\/PIVO_VINO-724x1024.jpg 724w, \/wp-content\/uploads\/2023\/03\/PIVO_VINO-768x1086.jpg 768w, \/wp-content\/uploads\/2023\/03\/PIVO_VINO-1086x1536.jpg 1086w\" sizes=\"(max-width: 1414px) 100vw, 1414px\" \/>\t\t\t\t\t\t\t\t\t\t\t\t\t\t\t<\/div>\n\t\t\t\t<\/div>\n\t\t\t\t\t<\/div>\n\t\t<\/div>\n\t\t\t\t\t<\/div>\n\t\t<\/section>\n\t\t\t\t<section class=\"elementor-section elementor-top-section elementor-element elementor-element-2f580f08 elementor-section-boxed elementor-section-height-default elementor-section-height-default\" data-id=\"2f580f08\" data-element_type=\"section\">\n\t\t\t\t\t\t<div class=\"elementor-container elementor-column-gap-no\">\n\t\t\t\t\t<div class=\"elementor-column elementor-col-100 elementor-top-column elementor-element elementor-element-742f44ac\" data-id=\"742f44ac\" data-element_type=\"column\" data-settings=\"{&quot;background_background&quot;:&quot;classic&quot;}\">\n\t\t\t<div class=\"elementor-widget-wrap elementor-element-populated\">\n\t\t\t\t\t<div class=\"elementor-background-overlay\"><\/div>\n\t\t\t\t\t\t<div class=\"elementor-element elementor-element-7482ac07 elementor-widget elementor-widget-heading\" data-id=\"7482ac07\" data-element_type=\"widget\" data-widget_type=\"heading.default\">\n\t\t\t\t<div class=\"elementor-widget-container\">\n\t\t\t\t\t<div class=\"elementor-heading-title elementor-size-default\">Objednej s sebou<\/div>\t\t\t\t<\/div>\n\t\t\t\t<\/div>\n\t\t\t\t<div class=\"elementor-element elementor-element-445f58a8 elementor-widget elementor-widget-text-editor\" data-id=\"445f58a8\" data-element_type=\"widget\" data-widget_type=\"text-editor.default\">\n\t\t\t\t<div class=\"elementor-widget-container\">\n\t\t\t\t\t\t\t\t\t<p>Poledn\u00ed menu m\u016f\u017eete objednat s sebou Po-Pa v \u010dase 11:00-14:00<\/p><p>P\u0159\u00edjm\u00e1me stravenkov\u00e9 karty.<\/p>\t\t\t\t\t\t\t\t<\/div>\n\t\t\t\t<\/div>\n\t\t\t\t<div class=\"elementor-element elementor-element-4e1febaf elementor-widget elementor-widget-button\" data-id=\"4e1febaf\" data-element_type=\"widget\" data-widget_type=\"button.default\">\n\t\t\t\t<div class=\"elementor-widget-container\">\n\t\t\t\t\t\t\t\t\t<div class=\"elementor-button-wrapper\">\n\t\t\t\t\t<a class=\"elementor-button elementor-button-link elementor-size-sm\" href=\"tel:+420257312564\">\n\t\t\t\t\t\t<span class=\"elementor-button-content-wrapper\">\n\t\t\t\t\t\t\t\t\t<span class=\"elementor-button-text\">zavolat<\/span>\n\t\t\t\t\t<\/span>\n\t\t\t\t\t<\/a>\n\t\t\t\t<\/div>\n\t\t\t\t\t\t\t\t<\/div>\n\t\t\t\t<\/div>\n\t\t\t\t\t<\/div>\n\t\t<\/div>\n\t\t\t\t\t<\/div>\n\t\t<\/section>\n\t\t\t\t<\/div>\n\t\t","protected":false},"excerpt":{"rendered":"<p>n\u00e1pojov\u00fd l\u00edstek Objednej s sebou Poledn\u00ed menu m\u016f\u017eete objednat s sebou Po-Pa v \u010dase 11:00-14:00 P\u0159\u00edjm\u00e1me stravenkov\u00e9 karty. zavolat<\/p>\n","protected":false},"author":1,"featured_media":0,"parent":0,"menu_order":0,"comment_status":"closed","ping_status":"closed","template":"elementor_header_footer","meta":{"site-sidebar-layout":"default","site-content-layout":"","ast-site-content-layout":"","site-content-style":"default","site-sidebar-style":"default","ast-global-header-display":"","ast-banner-title-visibility":"","ast-main-header-display":"","ast-hfb-above-header-display":"","ast-hfb-below-header-display":"","ast-hfb-mobile-header-display":"","site-post-title":"","ast-breadcrumbs-content":"","ast-featured-img":"","footer-sml-layout":"","theme-transparent-header-meta":"","adv-header-id-meta":"","stick-header-meta":"","header-above-stick-meta":"","header-main-stick-meta":"","header-below-stick-meta":"","astra-migrate-meta-layouts":"default","ast-page-background-enabled":"default","ast-page-background-meta":{"desktop":{"background-color":"","background-image":"","background-repeat":"repeat","background-position":"center center","background-size":"auto","background-attachment":"scroll","background-type":"","background-media":"","overlay-type":"","overlay-color":"","overlay-gradient":""},"tablet":{"background-color":"","background-image":"","background-repeat":"repeat","background-position":"center center","background-size":"auto","background-attachment":"scroll","background-type":"","background-media":"","overlay-type":"","overlay-color":"","overlay-gradient":""},"mobile":{"background-color":"","background-image":"","background-repeat":"repeat","background-position":"center center","background-size":"auto","background-attachment":"scroll","background-type":"","background-media":"","overlay-type":"","overlay-color":"","overlay-gradient":""}},"ast-content-background-meta":{"desktop":{"background-color":"var(--ast-global-color-5)","background-image":"","background-repeat":"repeat","background-position":"center center","background-size":"auto","background-attachment":"scroll","background-type":"","background-media":"","overlay-type":"","overlay-color":"","overlay-gradient":""},"tablet":{"background-color":"var(--ast-global-color-5)","background-image":"","background-repeat":"repeat","background-position":"center center","background-size":"auto","background-attachment":"scroll","background-type":"","background-media":"","overlay-type":"","overlay-color":"","overlay-gradient":""},"mobile":{"background-color":"var(--ast-global-color-5)","background-image":"","background-repeat":"repeat","background-position":"center center","background-size":"auto","background-attachment":"scroll","background-type":"","background-media":"","overlay-type":"","overlay-color":"","overlay-gradient":""}},"footnotes":""},"_links":{"self":[{"href":"https:\/\/restauracecarmelita.cz\/index.php\/wp-json\/wp\/v2\/pages\/1895"}],"collection":[{"href":"https:\/\/restauracecarmelita.cz\/index.php\/wp-json\/wp\/v2\/pages"}],"about":[{"href":"https:\/\/restauracecarmelita.cz\/index.php\/wp-json\/wp\/v2\/types\/page"}],"author":[{"embeddable":true,"href":"https:\/\/restauracecarmelita.cz\/index.php\/wp-json\/wp\/v2\/users\/1"}],"replies":[{"embeddable":true,"href":"https:\/\/restauracecarmelita.cz\/index.php\/wp-json\/wp\/v2\/comments?post=1895"}],"version-history":[{"count":21,"href":"https:\/\/restauracecarmelita.cz\/index.php\/wp-json\/wp\/v2\/pages\/1895\/revisions"}],"predecessor-version":[{"id":2177,"href":"https:\/\/restauracecarmelita.cz\/index.php\/wp-json\/wp\/v2\/pages\/1895\/revisions\/2177"}],"wp:attachment":[{"href":"https:\/\/restauracecarmelita.cz\/index.php\/wp-json\/wp\/v2\/media?parent=1895"}],"curies":[{"name":"wp","href":"https:\/\/api.w.org\/{rel}","templated":true}]}}