{"id":860,"date":"2021-03-24T05:13:40","date_gmt":"2021-03-24T05:13:40","guid":{"rendered":"https:\/\/restauracecarmelita.cz\/index.php\/about\/"},"modified":"2022-05-25T16:17:58","modified_gmt":"2022-05-25T14:17:58","slug":"about","status":"publish","type":"page","link":"\/index.php\/about\/","title":{"rendered":"About"},"content":{"rendered":"\t\t<div data-elementor-type=\"wp-page\" data-elementor-id=\"860\" class=\"elementor elementor-860\">\n\t\t\t\t\t\t<section class=\"elementor-section elementor-top-section elementor-element elementor-element-3ce26ad elementor-section-boxed elementor-section-height-default elementor-section-height-default\" data-id=\"3ce26ad\" data-element_type=\"section\" data-settings=\"{&quot;background_background&quot;:&quot;classic&quot;,&quot;shape_divider_bottom&quot;:&quot;curve&quot;,&quot;shape_divider_bottom_negative&quot;:&quot;yes&quot;}\">\n\t\t\t\t\t\t\t<div class=\"elementor-background-overlay\"><\/div>\n\t\t\t\t\t\t<div class=\"elementor-shape elementor-shape-bottom\" aria-hidden=\"true\" data-negative=\"true\">\n\t\t\t<svg xmlns=\"http:\/\/www.w3.org\/2000\/svg\" viewBox=\"0 0 1000 100\" preserveAspectRatio=\"none\">\n\t<path class=\"elementor-shape-fill\" d=\"M500,97C126.7,96.3,0.8,19.8,0,0v100l1000,0V1C1000,19.4,873.3,97.8,500,97z\"\/>\n<\/svg>\t\t<\/div>\n\t\t\t\t\t<div class=\"elementor-container elementor-column-gap-no\">\n\t\t\t\t\t<div class=\"elementor-column elementor-col-100 elementor-top-column elementor-element elementor-element-a15c34b\" data-id=\"a15c34b\" data-element_type=\"column\">\n\t\t\t<div class=\"elementor-widget-wrap elementor-element-populated\">\n\t\t\t\t\t\t<div class=\"elementor-element elementor-element-293b176 elementor-widget elementor-widget-heading\" data-id=\"293b176\" data-element_type=\"widget\" data-widget_type=\"heading.default\">\n\t\t\t\t<div class=\"elementor-widget-container\">\n\t\t\t\t\t<h1 class=\"elementor-heading-title elementor-size-default\">o n\u00e1s<\/h1>\t\t\t\t<\/div>\n\t\t\t\t<\/div>\n\t\t\t\t\t<\/div>\n\t\t<\/div>\n\t\t\t\t\t<\/div>\n\t\t<\/section>\n\t\t\t\t<section class=\"elementor-section elementor-top-section elementor-element elementor-element-05fb566 elementor-section-boxed elementor-section-height-default elementor-section-height-default\" data-id=\"05fb566\" data-element_type=\"section\" data-settings=\"{&quot;background_background&quot;:&quot;classic&quot;}\">\n\t\t\t\t\t\t<div class=\"elementor-container elementor-column-gap-no\">\n\t\t\t\t\t<div class=\"elementor-column elementor-col-100 elementor-top-column elementor-element elementor-element-451510b\" data-id=\"451510b\" data-element_type=\"column\" data-settings=\"{&quot;background_background&quot;:&quot;classic&quot;}\">\n\t\t\t<div class=\"elementor-widget-wrap elementor-element-populated\">\n\t\t\t\t\t\t<div class=\"elementor-element elementor-element-affff17 elementor-widget elementor-widget-heading\" data-id=\"affff17\" data-element_type=\"widget\" data-widget_type=\"heading.default\">\n\t\t\t\t<div class=\"elementor-widget-container\">\n\t\t\t\t\t<h6 class=\"elementor-heading-title elementor-size-default\">Ristorante carmelita<\/h6>\t\t\t\t<\/div>\n\t\t\t\t<\/div>\n\t\t\t\t<div class=\"elementor-element elementor-element-c0b54b0 elementor-widget elementor-widget-heading\" data-id=\"c0b54b0\" data-element_type=\"widget\" data-widget_type=\"heading.default\">\n\t\t\t\t<div class=\"elementor-widget-container\">\n\t\t\t\t\t<h3 class=\"elementor-heading-title elementor-size-default\">na\u0161e restaurace<\/h3>\t\t\t\t<\/div>\n\t\t\t\t<\/div>\n\t\t\t\t<div class=\"elementor-element elementor-element-45a957e elementor-position-left elementor-view-default elementor-mobile-position-top elementor-vertical-align-top elementor-widget elementor-widget-icon-box\" data-id=\"45a957e\" data-element_type=\"widget\" data-widget_type=\"icon-box.default\">\n\t\t\t\t<div class=\"elementor-widget-container\">\n\t\t\t\t\t\t\t<div class=\"elementor-icon-box-wrapper\">\n\n\t\t\t\t\t\t<div class=\"elementor-icon-box-icon\">\n\t\t\t\t<span  class=\"elementor-icon\">\n\t\t\t\t<i aria-hidden=\"true\" class=\"fas fa-store\"><\/i>\t\t\t\t<\/span>\n\t\t\t<\/div>\n\t\t\t\n\t\t\t\t\t\t<div class=\"elementor-icon-box-content\">\n\n\t\t\t\t\t\t\t\t\t<h5 class=\"elementor-icon-box-title\">\n\t\t\t\t\t\t<span  >\n\t\t\t\t\t\t\t105 m\u00edst k sezen\u00ed\t\t\t\t\t\t<\/span>\n\t\t\t\t\t<\/h5>\n\t\t\t\t\n\t\t\t\t\t\t\t\t\t<p class=\"elementor-icon-box-description\">\n\t\t\t\t\t\t<span style=\"white-space: normal; background-color: rgb(247, 246, 242);\">NA\u0160E ITALSK\u00c1 RESTAURACE OTEV\u0158EN\u00c1 V DUBNU 2008 V\u00c1M NAB\u00cdZ\u00cd 80 M\u00cdST VE DVOU PODLA\u017d\u00cdCH A DAL\u0160\u00cdCH 25 NA LETN\u00cd ZAHR\u00c1DCE. Z ULICE VSTOUP\u00cdTE DO PRVN\u00cd \u010c\u00c1STI RESTAURACE, KDE JE K DISPOZICI 30 M\u00cdST K SEZEN\u00cd. PO SCHODECH POKRA\u010cUJETE DO SPODN\u00cd \u010c\u00c1STI RESTAURACE OKOLO KLASICK\u00c9 CIHLOV\u00c9 PECE, VE KTER\u00c9 V\u00c1M NA\u0160I PIZZA\u0158I P\u0158IPRAV\u00cd PIZZU NA DUBOV\u00c9M D\u0158EV\u011a. ZDE NA V\u00c1S \u010cEK\u00c1 DAL\u0160\u00cdCH&nbsp;50 M\u00cdST, VHODN\u00ddCH I PRO UZAV\u0158ENOU SPOLE\u010cNOST (FIREMN\u00cd VE\u010c\u00cdRKY, RAUTY, PROMOCE....). D\u011aTSK\u00c9 N\u00c1V\u0160T\u011aVN\u00cdKY JIST\u011a POT\u011a\u0160\u00cd OB\u0158\u00cd AKV\u00c1RIUM.&nbsp;&nbsp;<\/span>\t\t\t\t\t<\/p>\n\t\t\t\t\n\t\t\t<\/div>\n\t\t\t\n\t\t<\/div>\n\t\t\t\t\t\t<\/div>\n\t\t\t\t<\/div>\n\t\t\t\t\t<\/div>\n\t\t<\/div>\n\t\t\t\t\t<\/div>\n\t\t<\/section>\n\t\t\t\t<section class=\"elementor-section elementor-top-section elementor-element elementor-element-f7c710f elementor-section-boxed elementor-section-height-default elementor-section-height-default\" data-id=\"f7c710f\" data-element_type=\"section\" data-settings=\"{&quot;background_background&quot;:&quot;classic&quot;}\">\n\t\t\t\t\t\t<div class=\"elementor-container elementor-column-gap-no\">\n\t\t\t\t\t<div class=\"elementor-column elementor-col-100 elementor-top-column elementor-element elementor-element-fab8ca2\" data-id=\"fab8ca2\" data-element_type=\"column\" data-settings=\"{&quot;background_background&quot;:&quot;classic&quot;}\">\n\t\t\t<div class=\"elementor-widget-wrap elementor-element-populated\">\n\t\t\t\t\t\t<div class=\"elementor-element elementor-element-5041e6b elementor-widget elementor-widget-heading\" data-id=\"5041e6b\" data-element_type=\"widget\" data-widget_type=\"heading.default\">\n\t\t\t\t<div class=\"elementor-widget-container\">\n\t\t\t\t\t<h6 class=\"elementor-heading-title elementor-size-default\">Authentic cuisine<\/h6>\t\t\t\t<\/div>\n\t\t\t\t<\/div>\n\t\t\t\t<div class=\"elementor-element elementor-element-ece1b48 elementor-widget elementor-widget-heading\" data-id=\"ece1b48\" data-element_type=\"widget\" data-widget_type=\"heading.default\">\n\t\t\t\t<div class=\"elementor-widget-container\">\n\t\t\t\t\t<h3 class=\"elementor-heading-title elementor-size-default\">na\u0161e kuchyn\u011b<\/h3>\t\t\t\t<\/div>\n\t\t\t\t<\/div>\n\t\t\t\t<div class=\"elementor-element elementor-element-bb769a0 elementor-widget elementor-widget-text-editor\" data-id=\"bb769a0\" data-element_type=\"widget\" data-widget_type=\"text-editor.default\">\n\t\t\t\t<div class=\"elementor-widget-container\">\n\t\t\t\t\t\t\t\t\t<p>Tradi\u010dn\u00ed italsk\u00e9 recepty, kvalitn\u00ed \u010derstv\u00e9 suroviny.<\/p>\t\t\t\t\t\t\t\t<\/div>\n\t\t\t\t<\/div>\n\t\t\t\t<div class=\"elementor-element elementor-element-0f1814b elementor-position-left elementor-view-default elementor-mobile-position-top elementor-vertical-align-top elementor-widget elementor-widget-icon-box\" data-id=\"0f1814b\" data-element_type=\"widget\" data-widget_type=\"icon-box.default\">\n\t\t\t\t<div class=\"elementor-widget-container\">\n\t\t\t\t\t\t\t<div class=\"elementor-icon-box-wrapper\">\n\n\t\t\t\t\t\t<div class=\"elementor-icon-box-icon\">\n\t\t\t\t<span  class=\"elementor-icon\">\n\t\t\t\t<i aria-hidden=\"true\" class=\"fas fa-pizza-slice\"><\/i>\t\t\t\t<\/span>\n\t\t\t<\/div>\n\t\t\t\n\t\t\t\t\t\t<div class=\"elementor-icon-box-content\">\n\n\t\t\t\t\t\t\t\t\t<h5 class=\"elementor-icon-box-title\">\n\t\t\t\t\t\t<span  >\n\t\t\t\t\t\t\tPizza \t\t\t\t\t\t<\/span>\n\t\t\t\t\t<\/h5>\n\t\t\t\t\n\t\t\t\t\t\t\t\t\t<p class=\"elementor-icon-box-description\">\n\t\t\t\t\t\tKa\u017ed\u00fd den pro v\u00e1s r\u00e1no p\u0159ipravujeme n\u00e1\u0161 dom\u00e1c\u00ed \u010derstv\u00fd chl\u00e9b. Zakl\u00e1d\u00e1me si na p\u0159\u00edprav\u011b tenk\u00e9, dob\u0159e prope\u010den\u00e9 italsk\u00e9 pizzy podle na\u0161eho  vlastn\u00edho receptu na t\u011bsto, p\u0159ij\u010fte ochutnat!\t\t\t\t\t<\/p>\n\t\t\t\t\n\t\t\t<\/div>\n\t\t\t\n\t\t<\/div>\n\t\t\t\t\t\t<\/div>\n\t\t\t\t<\/div>\n\t\t\t\t<div class=\"elementor-element elementor-element-3b18f31 elementor-position-left elementor-view-default elementor-mobile-position-top elementor-vertical-align-top elementor-widget elementor-widget-icon-box\" data-id=\"3b18f31\" data-element_type=\"widget\" data-widget_type=\"icon-box.default\">\n\t\t\t\t<div class=\"elementor-widget-container\">\n\t\t\t\t\t\t\t<div class=\"elementor-icon-box-wrapper\">\n\n\t\t\t\t\t\t<div class=\"elementor-icon-box-icon\">\n\t\t\t\t<span  class=\"elementor-icon\">\n\t\t\t\t<i aria-hidden=\"true\" class=\"far fa-heart\"><\/i>\t\t\t\t<\/span>\n\t\t\t<\/div>\n\t\t\t\n\t\t\t\t\t\t<div class=\"elementor-icon-box-content\">\n\n\t\t\t\t\t\t\t\t\t<h5 class=\"elementor-icon-box-title\">\n\t\t\t\t\t\t<span  >\n\t\t\t\t\t\t\tcucina\t\t\t\t\t\t<\/span>\n\t\t\t\t\t<\/h5>\n\t\t\t\t\n\t\t\t\t\t\t\t\t\t<p class=\"elementor-icon-box-description\">\n\t\t\t\t\t\tPasta Fresca, dom\u00e1c\u00ed Lasagne bolognese, \u010derstv\u00fd losos, krevety a spousta dal\u0161\u00edho m\u016f\u017eete ochutnat z na\u0161\u00ed  dom\u00e1c\u00ed kuchyn\u011b...<br>\t\t\t\t\t<\/p>\n\t\t\t\t\n\t\t\t<\/div>\n\t\t\t\n\t\t<\/div>\n\t\t\t\t\t\t<\/div>\n\t\t\t\t<\/div>\n\t\t\t\t\t<\/div>\n\t\t<\/div>\n\t\t\t\t\t<\/div>\n\t\t<\/section>\n\t\t\t\t<section class=\"elementor-section elementor-top-section elementor-element elementor-element-97639be elementor-section-boxed elementor-section-height-default elementor-section-height-default\" data-id=\"97639be\" data-element_type=\"section\">\n\t\t\t\t\t\t<div class=\"elementor-container elementor-column-gap-no\">\n\t\t\t\t\t<div class=\"elementor-column elementor-col-50 elementor-top-column elementor-element elementor-element-6ed90a9\" data-id=\"6ed90a9\" data-element_type=\"column\">\n\t\t\t<div class=\"elementor-widget-wrap elementor-element-populated\">\n\t\t\t\t\t\t<div class=\"elementor-element elementor-element-b1e8dc9 elementor-widget elementor-widget-heading\" data-id=\"b1e8dc9\" data-element_type=\"widget\" data-widget_type=\"heading.default\">\n\t\t\t\t<div class=\"elementor-widget-container\">\n\t\t\t\t\t<h6 class=\"elementor-heading-title elementor-size-default\">P\u0159ij\u010fte k n\u00e1m..<\/h6>\t\t\t\t<\/div>\n\t\t\t\t<\/div>\n\t\t\t\t<div class=\"elementor-element elementor-element-ef33c66 elementor-widget elementor-widget-heading\" data-id=\"ef33c66\" data-element_type=\"widget\" data-widget_type=\"heading.default\">\n\t\t\t\t<div class=\"elementor-widget-container\">\n\t\t\t\t\t<h2 class=\"elementor-heading-title elementor-size-default\">t\u011b\u0161\u00edme se na v\u00e1s!<\/h2>\t\t\t\t<\/div>\n\t\t\t\t<\/div>\n\t\t\t\t\t<\/div>\n\t\t<\/div>\n\t\t\t\t<div class=\"elementor-column elementor-col-50 elementor-top-column elementor-element elementor-element-4edfea2\" data-id=\"4edfea2\" data-element_type=\"column\">\n\t\t\t<div class=\"elementor-widget-wrap elementor-element-populated\">\n\t\t\t\t\t\t<div class=\"elementor-element elementor-element-c8ab08d elementor-widget elementor-widget-text-editor\" data-id=\"c8ab08d\" data-element_type=\"widget\" data-widget_type=\"text-editor.default\">\n\t\t\t\t<div class=\"elementor-widget-container\">\n\t\t\t\t\t\t\t\t\t<p>Ochutnejte Italsk\u00e9 speciality nebo pizzu pe\u010denou v cihlov\u00e9 peci na dubov\u00e9m d\u0159ev\u011b v kr\u00e1sn\u00e9m prost\u0159ed\u00ed Mal\u00e9 Strany!<\/p>\t\t\t\t\t\t\t\t<\/div>\n\t\t\t\t<\/div>\n\t\t\t\t<div class=\"elementor-element elementor-element-517555a elementor-widget elementor-widget-button\" data-id=\"517555a\" data-element_type=\"widget\" data-widget_type=\"button.default\">\n\t\t\t\t<div class=\"elementor-widget-container\">\n\t\t\t\t\t\t\t\t\t<div class=\"elementor-button-wrapper\">\n\t\t\t\t\t<a class=\"elementor-button elementor-button-link elementor-size-sm\" href=\"https:\/\/pizzacarmelita.choiceqr.com\/booking\">\n\t\t\t\t\t\t<span class=\"elementor-button-content-wrapper\">\n\t\t\t\t\t\t\t\t\t<span class=\"elementor-button-text\">Rezervace stolu<\/span>\n\t\t\t\t\t<\/span>\n\t\t\t\t\t<\/a>\n\t\t\t\t<\/div>\n\t\t\t\t\t\t\t\t<\/div>\n\t\t\t\t<\/div>\n\t\t\t\t\t<\/div>\n\t\t<\/div>\n\t\t\t\t\t<\/div>\n\t\t<\/section>\n\t\t\t\t<section class=\"elementor-section elementor-top-section elementor-element elementor-element-c3c0e48 elementor-reverse-tablet elementor-section-boxed elementor-section-height-default elementor-section-height-default\" data-id=\"c3c0e48\" data-element_type=\"section\">\n\t\t\t\t\t\t<div class=\"elementor-container elementor-column-gap-no\">\n\t\t\t\t\t<div class=\"elementor-column elementor-col-66 elementor-top-column elementor-element elementor-element-a590d5a\" data-id=\"a590d5a\" data-element_type=\"column\">\n\t\t\t<div class=\"elementor-widget-wrap elementor-element-populated\">\n\t\t\t\t\t\t<div class=\"elementor-element elementor-element-52ac006 elementor-widget elementor-widget-heading\" data-id=\"52ac006\" data-element_type=\"widget\" data-widget_type=\"heading.default\">\n\t\t\t\t<div class=\"elementor-widget-container\">\n\t\t\t\t\t<h6 class=\"elementor-heading-title elementor-size-default\">Our Story<\/h6>\t\t\t\t<\/div>\n\t\t\t\t<\/div>\n\t\t\t\t<div class=\"elementor-element elementor-element-9d3fc8d elementor-widget elementor-widget-heading\" data-id=\"9d3fc8d\" data-element_type=\"widget\" data-widget_type=\"heading.default\">\n\t\t\t\t<div class=\"elementor-widget-container\">\n\t\t\t\t\t<h2 class=\"elementor-heading-title elementor-size-default\">ristorante carmelita<\/h2>\t\t\t\t<\/div>\n\t\t\t\t<\/div>\n\t\t\t\t<div class=\"elementor-element elementor-element-eae2a64 elementor-widget elementor-widget-text-editor\" data-id=\"eae2a64\" data-element_type=\"widget\" data-widget_type=\"text-editor.default\">\n\t\t\t\t<div class=\"elementor-widget-container\">\n\t\t\t\t\t\t\t\t\t<p class=\"p1\">Na\u0161e restaurace se nach\u00e1z\u00ed v malebn\u00e9 \u010d\u00e1sti Mal\u00e9 Strany na hlavn\u00ed ulici \u00dajezd, naproti Tyr\u0161ov\u011b domu, kousek od lanovky na Pet\u0159\u00edn.<\/p>\t\t\t\t\t\t\t\t<\/div>\n\t\t\t\t<\/div>\n\t\t\t\t<div class=\"elementor-element elementor-element-2bf8bcb elementor-widget elementor-widget-image\" data-id=\"2bf8bcb\" data-element_type=\"widget\" data-widget_type=\"image.default\">\n\t\t\t\t<div class=\"elementor-widget-container\">\n\t\t\t\t\t\t\t\t\t\t\t\t\t\t\t<img fetchpriority=\"high\" decoding=\"async\" width=\"2380\" height=\"1788\" src=\"\/wp-content\/uploads\/2022\/05\/Sni\u0301mek-obrazovky-2022-05-15-v-18.31.25.png\" class=\"attachment-full size-full wp-image-1601\" alt=\"\" srcset=\"\/wp-content\/uploads\/2022\/05\/Sni\u0301mek-obrazovky-2022-05-15-v-18.31.25.png 2380w, \/wp-content\/uploads\/2022\/05\/Sni\u0301mek-obrazovky-2022-05-15-v-18.31.25-300x225.png 300w, \/wp-content\/uploads\/2022\/05\/Sni\u0301mek-obrazovky-2022-05-15-v-18.31.25-1024x769.png 1024w, \/wp-content\/uploads\/2022\/05\/Sni\u0301mek-obrazovky-2022-05-15-v-18.31.25-768x577.png 768w, \/wp-content\/uploads\/2022\/05\/Sni\u0301mek-obrazovky-2022-05-15-v-18.31.25-1536x1154.png 1536w, \/wp-content\/uploads\/2022\/05\/Sni\u0301mek-obrazovky-2022-05-15-v-18.31.25-2048x1539.png 2048w\" sizes=\"(max-width: 2380px) 100vw, 2380px\" \/>\t\t\t\t\t\t\t\t\t\t\t\t\t\t\t<\/div>\n\t\t\t\t<\/div>\n\t\t\t\t<section class=\"elementor-section elementor-inner-section elementor-element elementor-element-e8edd05 elementor-reverse-tablet elementor-reverse-mobile elementor-section-boxed elementor-section-height-default elementor-section-height-default\" data-id=\"e8edd05\" data-element_type=\"section\">\n\t\t\t\t\t\t<div class=\"elementor-container elementor-column-gap-no\">\n\t\t\t\t\t<div class=\"elementor-column elementor-col-50 elementor-inner-column elementor-element elementor-element-e290e24\" data-id=\"e290e24\" data-element_type=\"column\">\n\t\t\t<div class=\"elementor-widget-wrap elementor-element-populated\">\n\t\t\t\t\t\t<div class=\"elementor-element elementor-element-e10cabd elementor-widget elementor-widget-image\" data-id=\"e10cabd\" data-element_type=\"widget\" data-widget_type=\"image.default\">\n\t\t\t\t<div class=\"elementor-widget-container\">\n\t\t\t\t\t\t\t\t\t\t\t\t\t\t\t<img decoding=\"async\" width=\"908\" height=\"838\" src=\"\/wp-content\/uploads\/2022\/05\/Sni\u0301mek-obrazovky-2022-05-16-v-14.26.22.png\" class=\"attachment-large size-large wp-image-1650\" alt=\"\" srcset=\"\/wp-content\/uploads\/2022\/05\/Sni\u0301mek-obrazovky-2022-05-16-v-14.26.22.png 908w, \/wp-content\/uploads\/2022\/05\/Sni\u0301mek-obrazovky-2022-05-16-v-14.26.22-300x277.png 300w, \/wp-content\/uploads\/2022\/05\/Sni\u0301mek-obrazovky-2022-05-16-v-14.26.22-768x709.png 768w\" sizes=\"(max-width: 908px) 100vw, 908px\" \/>\t\t\t\t\t\t\t\t\t\t\t\t\t\t\t<\/div>\n\t\t\t\t<\/div>\n\t\t\t\t\t<\/div>\n\t\t<\/div>\n\t\t\t\t<div class=\"elementor-column elementor-col-50 elementor-inner-column elementor-element elementor-element-12df762\" data-id=\"12df762\" data-element_type=\"column\">\n\t\t\t<div class=\"elementor-widget-wrap elementor-element-populated\">\n\t\t\t\t\t\t<div class=\"elementor-element elementor-element-fdf1ee1 elementor-widget elementor-widget-heading\" data-id=\"fdf1ee1\" data-element_type=\"widget\" data-widget_type=\"heading.default\">\n\t\t\t\t<div class=\"elementor-widget-container\">\n\t\t\t\t\t<h5 class=\"elementor-heading-title elementor-size-default\">historie<\/h5>\t\t\t\t<\/div>\n\t\t\t\t<\/div>\n\t\t\t\t<div class=\"elementor-element elementor-element-3e83c3a elementor-widget elementor-widget-text-editor\" data-id=\"3e83c3a\" data-element_type=\"widget\" data-widget_type=\"text-editor.default\">\n\t\t\t\t<div class=\"elementor-widget-container\">\n\t\t\t\t\t\t\t\t\t<p>NA\u0160E RESTAURACE, OTEV\u0158EN\u00c1 V DUBNU 2008.<\/p><p><strong>T\u011a\u0160\u00cdME SE NA VA\u0160\u00cd N\u00c1V\u0160T\u011aVU!!!<\/strong><\/p>\t\t\t\t\t\t\t\t<\/div>\n\t\t\t\t<\/div>\n\t\t\t\t\t<\/div>\n\t\t<\/div>\n\t\t\t\t\t<\/div>\n\t\t<\/section>\n\t\t\t\t\t<\/div>\n\t\t<\/div>\n\t\t\t\t<div class=\"elementor-column elementor-col-33 elementor-top-column elementor-element elementor-element-d6e7502\" data-id=\"d6e7502\" data-element_type=\"column\">\n\t\t\t<div class=\"elementor-widget-wrap elementor-element-populated\">\n\t\t\t\t\t\t<div class=\"elementor-element elementor-element-d1d59e7 elementor-widget elementor-widget-image\" data-id=\"d1d59e7\" data-element_type=\"widget\" data-widget_type=\"image.default\">\n\t\t\t\t<div class=\"elementor-widget-container\">\n\t\t\t\t\t\t\t\t\t\t\t\t\t\t\t<img decoding=\"async\" width=\"924\" height=\"724\" src=\"\/wp-content\/uploads\/2022\/05\/Sni\u0301mek-obrazovky-2022-05-16-v-14.23.08.png\" class=\"attachment-large size-large wp-image-1651\" alt=\"\" srcset=\"\/wp-content\/uploads\/2022\/05\/Sni\u0301mek-obrazovky-2022-05-16-v-14.23.08.png 924w, \/wp-content\/uploads\/2022\/05\/Sni\u0301mek-obrazovky-2022-05-16-v-14.23.08-300x235.png 300w, \/wp-content\/uploads\/2022\/05\/Sni\u0301mek-obrazovky-2022-05-16-v-14.23.08-768x602.png 768w\" sizes=\"(max-width: 924px) 100vw, 924px\" \/>\t\t\t\t\t\t\t\t\t\t\t\t\t\t\t<\/div>\n\t\t\t\t<\/div>\n\t\t\t\t\t<\/div>\n\t\t<\/div>\n\t\t\t\t\t<\/div>\n\t\t<\/section>\n\t\t\t\t<\/div>\n\t\t","protected":false},"excerpt":{"rendered":"<p>o n\u00e1s Ristorante carmelita na\u0161e restaurace 105 m\u00edst k sezen\u00ed NA\u0160E ITALSK\u00c1 RESTAURACE OTEV\u0158EN\u00c1 V DUBNU 2008 V\u00c1M NAB\u00cdZ\u00cd 80 M\u00cdST VE DVOU PODLA\u017d\u00cdCH A DAL\u0160\u00cdCH 25 NA LETN\u00cd ZAHR\u00c1DCE. Z ULICE VSTOUP\u00cdTE DO PRVN\u00cd \u010c\u00c1STI RESTAURACE, KDE JE K DISPOZICI 30 M\u00cdST K SEZEN\u00cd. PO SCHODECH POKRA\u010cUJETE DO SPODN\u00cd \u010c\u00c1STI RESTAURACE OKOLO KLASICK\u00c9 CIHLOV\u00c9 [&hellip;]<\/p>\n","protected":false},"author":1,"featured_media":0,"parent":0,"menu_order":0,"comment_status":"closed","ping_status":"closed","template":"","meta":{"site-sidebar-layout":"no-sidebar","site-content-layout":"page-builder","ast-site-content-layout":"","site-content-style":"default","site-sidebar-style":"default","ast-global-header-display":"","ast-banner-title-visibility":"","ast-main-header-display":"","ast-hfb-above-header-display":"","ast-hfb-below-header-display":"","ast-hfb-mobile-header-display":"","site-post-title":"disabled","ast-breadcrumbs-content":"disabled","ast-featured-img":"disabled","footer-sml-layout":"","theme-transparent-header-meta":"enabled","adv-header-id-meta":"","stick-header-meta":"","header-above-stick-meta":"","header-main-stick-meta":"","header-below-stick-meta":"","astra-migrate-meta-layouts":"default","ast-page-background-enabled":"default","ast-page-background-meta":{"desktop":{"background-color":"","background-image":"","background-repeat":"repeat","background-position":"center center","background-size":"auto","background-attachment":"scroll","background-type":"","background-media":"","overlay-type":"","overlay-color":"","overlay-gradient":""},"tablet":{"background-color":"","background-image":"","background-repeat":"repeat","background-position":"center center","background-size":"auto","background-attachment":"scroll","background-type":"","background-media":"","overlay-type":"","overlay-color":"","overlay-gradient":""},"mobile":{"background-color":"","background-image":"","background-repeat":"repeat","background-position":"center center","background-size":"auto","background-attachment":"scroll","background-type":"","background-media":"","overlay-type":"","overlay-color":"","overlay-gradient":""}},"ast-content-background-meta":{"desktop":{"background-color":"var(--ast-global-color-5)","background-image":"","background-repeat":"repeat","background-position":"center center","background-size":"auto","background-attachment":"scroll","background-type":"","background-media":"","overlay-type":"","overlay-color":"","overlay-gradient":""},"tablet":{"background-color":"var(--ast-global-color-5)","background-image":"","background-repeat":"repeat","background-position":"center center","background-size":"auto","background-attachment":"scroll","background-type":"","background-media":"","overlay-type":"","overlay-color":"","overlay-gradient":""},"mobile":{"background-color":"var(--ast-global-color-5)","background-image":"","background-repeat":"repeat","background-position":"center center","background-size":"auto","background-attachment":"scroll","background-type":"","background-media":"","overlay-type":"","overlay-color":"","overlay-gradient":""}},"footnotes":""},"_links":{"self":[{"href":"https:\/\/restauracecarmelita.cz\/index.php\/wp-json\/wp\/v2\/pages\/860"}],"collection":[{"href":"https:\/\/restauracecarmelita.cz\/index.php\/wp-json\/wp\/v2\/pages"}],"about":[{"href":"https:\/\/restauracecarmelita.cz\/index.php\/wp-json\/wp\/v2\/types\/page"}],"author":[{"embeddable":true,"href":"https:\/\/restauracecarmelita.cz\/index.php\/wp-json\/wp\/v2\/users\/1"}],"replies":[{"embeddable":true,"href":"https:\/\/restauracecarmelita.cz\/index.php\/wp-json\/wp\/v2\/comments?post=860"}],"version-history":[{"count":13,"href":"https:\/\/restauracecarmelita.cz\/index.php\/wp-json\/wp\/v2\/pages\/860\/revisions"}],"predecessor-version":[{"id":1803,"href":"https:\/\/restauracecarmelita.cz\/index.php\/wp-json\/wp\/v2\/pages\/860\/revisions\/1803"}],"wp:attachment":[{"href":"https:\/\/restauracecarmelita.cz\/index.php\/wp-json\/wp\/v2\/media?parent=860"}],"curies":[{"name":"wp","href":"https:\/\/api.w.org\/{rel}","templated":true}]}}